{"id":19,"date":"2024-01-30T13:33:41","date_gmt":"2024-01-30T13:33:41","guid":{"rendered":"http:\/\/ppc.local\/?page_id=19"},"modified":"2024-11-18T09:43:38","modified_gmt":"2024-11-18T09:43:38","slug":"trang-chu","status":"publish","type":"page","link":"https:\/\/ppcvietnam.vn\/en\/","title":{"rendered":"Trang ch\u1ee7"},"content":{"rendered":"","protected":false},"excerpt":{"rendered":"","protected":false},"author":1,"featured_media":0,"parent":0,"menu_order":0,"comment_status":"closed","ping_status":"closed","template":"template-pages\/home.php","meta":{"inline_featured_image":false,"footnotes":""},"class_list":["post-19","page","type-page","status-publish","hentry"],"meta_box":{"subtitle_member":"","item_member":[],"title_coorperate":"","content_coorperate":"","item_coorperate":[],"title_mission":"","content_mission":[],"title_specialize":"","subtitle_specialize":"","item_specialize":[],"image":[],"image-hero":[{"width":150,"height":150,"file":"2024\/01\/99e640_8f02d1f0166447a79b6a0713db2be1a6mv2.webp","filesize":130476,"sizes":{"medium":{"file":"99e640_8f02d1f0166447a79b6a0713db2be1a6mv2-300x232.webp","width":300,"height":232,"mime-type":"image\/webp","filesize":11440,"url":"https:\/\/ppcvietnam.vn\/wp-content\/uploads\/2024\/01\/99e640_8f02d1f0166447a79b6a0713db2be1a6mv2-300x232.webp"},"thumbnail":{"file":"99e640_8f02d1f0166447a79b6a0713db2be1a6mv2-150x150.webp","width":150,"height":150,"mime-type":"image\/webp","filesize":4456,"url":"https:\/\/ppcvietnam.vn\/wp-content\/uploads\/2024\/01\/99e640_8f02d1f0166447a79b6a0713db2be1a6mv2-150x150.webp"},"medium_large":{"file":"99e640_8f02d1f0166447a79b6a0713db2be1a6mv2-768x595.webp","width":768,"height":595,"mime-type":"image\/webp","filesize":78102,"url":"https:\/\/ppcvietnam.vn\/wp-content\/uploads\/2024\/01\/99e640_8f02d1f0166447a79b6a0713db2be1a6mv2-768x595.webp"},"trp-custom-language-flag":{"file":"99e640_8f02d1f0166447a79b6a0713db2be1a6mv2-15x12.webp","width":15,"height":12,"mime-type":"image\/webp","filesize":348,"url":"https:\/\/ppcvietnam.vn\/wp-content\/uploads\/2024\/01\/99e640_8f02d1f0166447a79b6a0713db2be1a6mv2-15x12.webp"}},"image_meta":{"aperture":"0","credit":"","camera":"","caption":"","created_timestamp":"0","copyright":"","focal_length":"0","iso":"0","shutter_speed":"0","title":"","orientation":"0","keywords":[]},"ID":"28","name":"99e640_8f02d1f0166447a79b6a0713db2be1a6mv2.webp","path":"\/home\/nhppcrkz\/public_html\/wp-content\/uploads\/2024\/01\/99e640_8f02d1f0166447a79b6a0713db2be1a6mv2.webp","url":"https:\/\/ppcvietnam.vn\/wp-content\/uploads\/2024\/01\/99e640_8f02d1f0166447a79b6a0713db2be1a6mv2-150x150.webp","full_url":"https:\/\/ppcvietnam.vn\/wp-content\/uploads\/2024\/01\/99e640_8f02d1f0166447a79b6a0713db2be1a6mv2.webp","title":"99e640_8f02d1f0166447a79b6a0713db2be1a6~mv2","caption":"","description":"","alt":"","srcset":false}],"title-hero":"H\u1ee3p t\u00e1c C\u00f4ng - T\u01b0 (PPC) th\u00fac \u0111\u1ea9y x\u00e2y d\u1ef1ng n\u1ec1n kinh t\u1ebf tu\u1ea7n ho\u00e0n \u0111\u1ec3 x\u1eed l\u00fd v\u1ea5n \u0111\u1ec1 r\u00e1c th\u1ea3i nh\u1ef1a t\u1ea1i Vi\u1ec7t Nam","image-intro":[{"width":150,"height":150,"file":"2024\/01\/99e640_dac63433d49349229d98b2354bc7bba0mv2.webp","filesize":80656,"sizes":{"medium":{"file":"99e640_dac63433d49349229d98b2354bc7bba0mv2-190x300.webp","width":190,"height":300,"mime-type":"image\/webp","filesize":13242,"url":"https:\/\/ppcvietnam.vn\/wp-content\/uploads\/2024\/01\/99e640_dac63433d49349229d98b2354bc7bba0mv2-190x300.webp"},"thumbnail":{"file":"99e640_dac63433d49349229d98b2354bc7bba0mv2-150x150.webp","width":150,"height":150,"mime-type":"image\/webp","filesize":7652,"url":"https:\/\/ppcvietnam.vn\/wp-content\/uploads\/2024\/01\/99e640_dac63433d49349229d98b2354bc7bba0mv2-150x150.webp"},"trp-custom-language-flag":{"file":"99e640_dac63433d49349229d98b2354bc7bba0mv2-8x12.webp","width":8,"height":12,"mime-type":"image\/webp","filesize":790,"url":"https:\/\/ppcvietnam.vn\/wp-content\/uploads\/2024\/01\/99e640_dac63433d49349229d98b2354bc7bba0mv2-8x12.webp"}},"image_meta":{"aperture":"0","credit":"","camera":"","caption":"","created_timestamp":"0","copyright":"","focal_length":"0","iso":"0","shutter_speed":"0","title":"","orientation":"0","keywords":[]},"ID":"29","name":"99e640_dac63433d49349229d98b2354bc7bba0mv2.webp","path":"\/home\/nhppcrkz\/public_html\/wp-content\/uploads\/2024\/01\/99e640_dac63433d49349229d98b2354bc7bba0mv2.webp","url":"https:\/\/ppcvietnam.vn\/wp-content\/uploads\/2024\/01\/99e640_dac63433d49349229d98b2354bc7bba0mv2-150x150.webp","full_url":"https:\/\/ppcvietnam.vn\/wp-content\/uploads\/2024\/01\/99e640_dac63433d49349229d98b2354bc7bba0mv2.webp","title":"99e640_dac63433d49349229d98b2354bc7bba0~mv2","caption":"","description":"","alt":"","srcset":false}],"content-intro":"<h5><span style=\"font-size: 14pt\">GI\u1edaI THI\u1ec6U<br \/>\n<\/span><\/h5>\n<p>&nbsp;<\/p>\n<h3><strong>H\u1ee3p t\u00e1c C\u00f4ng - T\u01b0 (PPC) th\u00fac \u0111\u1ea9y x\u00e2y d\u1ef1ng n\u1ec1n kinh t\u1ebf tu\u1ea7n ho\u00e0n \u0111\u1ec3 x\u1eed l\u00fd v\u1ea5n \u0111\u1ec1 r\u00e1c th\u1ea3i nh\u1ef1a t\u1ea1i Vi\u1ec7t Nam<\/strong><\/h3>\n<p>&nbsp;<\/p>\n<p>H\u00ecnh th\u00e0nh t\u1eeb th\u1ecfa thu\u1eadn thi\u1ebft l\u1eadp H\u1ee3p t\u00e1c c\u00f4ng t\u01b0 (PPC) v\u1ec1 x\u00e2y d\u1ef1ng kinh t\u1ebf tu\u1ea7n ho\u00e0n trong qu\u1ea3n l\u00fd r\u00e1c th\u1ea3i nh\u1ef1a t\u1ea1i Vi\u1ec7t Nam, T\u1ed5 c\u00f4ng t\u00e1c th\u00fac \u0111\u1ea9y x\u00e2y d\u1ef1ng n\u1ec1n kinh t\u1ebf tu\u1ea7n ho\u00e0n cho r\u00e1c th\u1ea3i nh\u1ef1a theo m\u00f4 h\u00ecnh h\u1ee3p t\u00e1c c\u00f4ng t\u01b0 \u0111\u01b0\u1ee3c th\u00e0nh l\u1eadp theo quy\u1ebft \u0111\u1ecbnh s\u1ed1 1150\/Q\u0110-BTNMT ng\u00e0y 21\/05\/2020.<\/p>\n<p>&nbsp;<\/p>\n<p>T\u1ed5 c\u00f4ng t\u00e1c c\u00f3 nhi\u1ec7m v\u1ee5 t\u01b0 v\u1ea5n cho B\u1ed9 tr\u01b0\u1edfng B\u1ed9 T\u00e0i nguy\u00ean v\u00e0 M\u00f4i tr\u01b0\u1eddng c\u00e1c ch\u00ednh s\u00e1ch,\u00a0 gi\u1ea3i ph\u00e1p th\u1ef1c hi\u1ec7n x\u00e2y d\u1ef1ng n\u1ec1n kinh t\u1ebf tu\u1ea7n ho\u00e0n cho r\u00e1c th\u1ea3i nh\u1ef1a theo m\u00f4 h\u00ecnh h\u1ee3p t\u00e1c c\u00f4ng t\u01b0.<\/p>\n<p>Email li\u00ean h\u1ec7: info@ppcvietnam.vn<\/p>\n","video":"https:\/\/youtu.be\/Na7w8LvTzTI","video_custom":[],"member":[{"title":"TH\u00c0NH VI\u00caN S\u00c1NG L\u1eacP","logo":["66","49","50","51"]},{"title":" Th\u00e0nh vi\u00ean","subtitle":"NGOs","logo":["52","53","54","55"]},{"subtitle":"Kh\u1ed1i t\u01b0","logo":["76","77","78","79","80","81","82","83","84","85"]},{"subtitle":"Kh\u1ed1i c\u00f4ng","logo":["60","61"]},{"subtitle":"Tr\u01b0\u1eddng h\u1ecdc v\u00e0 T\u1ed5 ch\u1ee9c\/ H\u1ed9i","logo":["69","70","71","72","73","74","75"]},{"title":"\u0110\u1ed1i t\u00e1c truy\u1ec1n th\u00f4ng","logo":["67"]}],"content-become-member":"<p>H\u1ee3p t\u00e1c c\u00f4ng t\u01b0 PPC hoan ngh\u00eanh k\u1ebft n\u1ea1p c\u00e1c th\u00e0nh vi\u00ean m\u1edbi t\u1eeb khu v\u1ef1c t\u01b0 nh\u00e2n, c\u00f3 cam k\u1ebft ph\u00e1t tri\u1ec3n b\u1ec1n v\u1eefng m\u1ea1nh m\u1ebd v\u00e0 c\u00f3 th\u1ec3 c\u1ed1ng hi\u1ebfn th\u00fac \u0111\u1ea9y tri\u1ec3n khai c\u00e1c d\u1ef1 \u00e1n kinh t\u1ebf tu\u1ea7n ho\u00e0n t\u1ea1i Vi\u1ec7t Nam.<\/p>\n<p>Li\u00ean h\u1ec7: info@ppcvietnam.vn<\/p>\n"},"_links":{"self":[{"href":"https:\/\/ppcvietnam.vn\/en\/wp-json\/wp\/v2\/pages\/19","targetHints":{"allow":["GET"]}}],"collection":[{"href":"https:\/\/ppcvietnam.vn\/en\/wp-json\/wp\/v2\/pages"}],"about":[{"href":"https:\/\/ppcvietnam.vn\/en\/wp-json\/wp\/v2\/types\/page"}],"author":[{"embeddable":true,"href":"https:\/\/ppcvietnam.vn\/en\/wp-json\/wp\/v2\/users\/1"}],"replies":[{"embeddable":true,"href":"https:\/\/ppcvietnam.vn\/en\/wp-json\/wp\/v2\/comments?post=19"}],"version-history":[{"count":1,"href":"https:\/\/ppcvietnam.vn\/en\/wp-json\/wp\/v2\/pages\/19\/revisions"}],"predecessor-version":[{"id":20,"href":"https:\/\/ppcvietnam.vn\/en\/wp-json\/wp\/v2\/pages\/19\/revisions\/20"}],"wp:attachment":[{"href":"https:\/\/ppcvietnam.vn\/en\/wp-json\/wp\/v2\/media?parent=19"}],"curies":[{"name":"wp","href":"https:\/\/api.w.org\/{rel}","templated":true}]}}